{"id":6838,"date":"2025-07-27T06:30:50","date_gmt":"2025-07-27T06:30:50","guid":{"rendered":"https:\/\/la-starna.com\/?page_id=6838"},"modified":"2025-07-27T07:09:03","modified_gmt":"2025-07-27T07:09:03","slug":"destinations-de-chasse","status":"publish","type":"page","link":"https:\/\/la-starna.com\/?page_id=6838&lang=fr","title":{"rendered":"Destinations de chasse"},"content":{"rendered":"\t\t<div data-elementor-type=\"wp-page\" data-elementor-id=\"6838\" class=\"elementor elementor-6838\">\n\t\t\t\t<div class=\"elementor-element elementor-element-1ba4c5f e-flex e-con-boxed e-con e-parent\" data-id=\"1ba4c5f\" data-element_type=\"container\">\n\t\t\t\t\t<div class=\"e-con-inner\">\n\t\t\t\t<div class=\"elementor-element elementor-element-75056b0 elementor-widget elementor-widget-naturoserviceslider\" data-id=\"75056b0\" data-element_type=\"widget\" data-widget_type=\"naturoserviceslider.default\">\n\t\t\t\t<div class=\"elementor-widget-container\">\n\t\t\t\t\t<!-----------------------Start Serivice Slider Area-----------------------><section class=\"vs-services\"><div class=\"container\"><div class=\"row\"><div class=\"col-lg-4 col-md-6 col-sm-6\"><div class=\"vs-services-box3 mb-40\"><div class=\"vs-services-thumb image-scale-hover text-center\"><img decoding=\"async\" src=\"https:\/\/la-starna.com\/wp-content\/uploads\/2024\/06\/srb-e1717261324374.jpg\" alt=\"srb e1717261324374\"  \/><\/div><div class=\"vs-services-content\"><h5 class=\"fs-20 fw-medium mb-3\"><a href=\"https:\/\/la-starna.com\/?cat=156&#038;lang=fr\">Chasse en Serbie<\/a><\/h5><\/div><\/div><\/div><div class=\"col-lg-4 col-md-6 col-sm-6\"><div class=\"vs-services-box3 mb-40\"><div class=\"vs-services-thumb image-scale-hover text-center\"><img decoding=\"async\" src=\"https:\/\/la-starna.com\/wp-content\/uploads\/2024\/06\/maced-e1717261291954.jpg\" alt=\"maced e1717261291954\"  \/><\/div><div class=\"vs-services-content\"><h5 class=\"fs-20 fw-medium mb-3\"><a href=\"https:\/\/la-starna.com\/?p=6809&#038;lang=fr\">Chasse \u00e0 la perdrix et cailles en Mac\u00e9doine<\/a><\/h5><\/div><\/div><\/div><div class=\"col-lg-4 col-md-6 col-sm-6\"><div class=\"vs-services-box3 mb-40\"><div class=\"vs-services-thumb image-scale-hover text-center\"><img decoding=\"async\" src=\"https:\/\/la-starna.com\/wp-content\/uploads\/2024\/07\/123.png\" alt=\"123\"  \/><\/div><div class=\"vs-services-content\"><h5 class=\"fs-20 fw-medium mb-3\"><a href=\"https:\/\/la-starna.com\/?p=6807&#038;lang=fr\">Chasse \u00e0 la b\u00e9casse des bois au Mont\u00e9n\u00e9gro et en Herz\u00e9govine<\/a><\/h5><\/div><\/div><\/div><div class=\"col-lg-4 col-md-6 col-sm-6\"><div class=\"vs-services-box3 mb-40\"><div class=\"vs-services-thumb image-scale-hover text-center\"><img decoding=\"async\" src=\"https:\/\/la-starna.com\/wp-content\/uploads\/2024\/06\/afrika.jpg\" alt=\"afrika\"  \/><\/div><div class=\"vs-services-content\"><h5 class=\"fs-20 fw-medium mb-3\"><a href=\"https:\/\/la-starna.com\/?p=6803&#038;lang=fr\">La chasse en R\u00e9publique d\u2019Afrique du Sud<\/a><\/h5><\/div><\/div><\/div><\/div><\/div><\/section>\t\t\t\t<\/div>\n\t\t\t\t<\/div>\n\t\t\t\t\t<\/div>\n\t\t\t\t<\/div>\n\t\t\t\t<\/div>\n\t\t","protected":false},"excerpt":{"rendered":"<p>Chasse en Serbie Chasse \u00e0 la perdrix et cailles en Mac\u00e9doine Chasse \u00e0 la b\u00e9casse des bois au Mont\u00e9n\u00e9gro et en Herz\u00e9govine La chasse en R\u00e9publique d\u2019Afrique du Sud<\/p>\n","protected":false},"author":1,"featured_media":0,"parent":0,"menu_order":0,"comment_status":"closed","ping_status":"closed","template":"","meta":{"_glsr_average":0,"_glsr_ranking":0,"_glsr_reviews":0,"footnotes":""},"class_list":["post-6838","page","type-page","status-publish","hentry"],"yoast_head":"<!-- This site is optimized with the Yoast SEO plugin v24.3 - https:\/\/yoast.com\/wordpress\/plugins\/seo\/ -->\n<title>Destinations de chasse - La Starna<\/title>\n<meta name=\"robots\" content=\"index, follow, max-snippet:-1, max-image-preview:large, max-video-preview:-1\" \/>\n<link rel=\"canonical\" href=\"https:\/\/la-starna.com\/?page_id=6838&lang=fr\" \/>\n<meta property=\"og:locale\" content=\"en_US\" \/>\n<meta property=\"og:type\" content=\"article\" \/>\n<meta property=\"og:title\" content=\"Destinations de chasse - La Starna\" \/>\n<meta property=\"og:description\" content=\"Chasse en Serbie Chasse \u00e0 la perdrix et cailles en Mac\u00e9doine Chasse \u00e0 la b\u00e9casse des bois au Mont\u00e9n\u00e9gro et en Herz\u00e9govine La chasse en R\u00e9publique d\u2019Afrique du Sud\" \/>\n<meta property=\"og:url\" content=\"https:\/\/la-starna.com\/?page_id=6838&amp;lang=fr\" \/>\n<meta property=\"og:site_name\" content=\"La Starna\" \/>\n<meta property=\"article:publisher\" content=\"https:\/\/www.facebook.com\/lastarna\/\" \/>\n<meta property=\"article:modified_time\" content=\"2025-07-27T07:09:03+00:00\" \/>\n<meta property=\"og:image\" content=\"https:\/\/la-starna.com\/wp-content\/uploads\/2024\/06\/srb-e1717261324374.jpg\" \/>\n<meta name=\"twitter:card\" content=\"summary_large_image\" \/>\n<meta name=\"twitter:label1\" content=\"Est. reading time\" \/>\n\t<meta name=\"twitter:data1\" content=\"1 minute\" \/>\n<script type=\"application\/ld+json\" class=\"yoast-schema-graph\">{\"@context\":\"https:\/\/schema.org\",\"@graph\":[{\"@type\":\"WebPage\",\"@id\":\"https:\/\/la-starna.com\/?page_id=6838&lang=fr\",\"url\":\"https:\/\/la-starna.com\/?page_id=6838&lang=fr\",\"name\":\"Destinations de chasse - La Starna\",\"isPartOf\":{\"@id\":\"https:\/\/la-starna.com\/#website\"},\"primaryImageOfPage\":{\"@id\":\"https:\/\/la-starna.com\/?page_id=6838&lang=fr#primaryimage\"},\"image\":{\"@id\":\"https:\/\/la-starna.com\/?page_id=6838&lang=fr#primaryimage\"},\"thumbnailUrl\":\"https:\/\/la-starna.com\/wp-content\/uploads\/2024\/06\/srb-e1717261324374.jpg\",\"datePublished\":\"2025-07-27T06:30:50+00:00\",\"dateModified\":\"2025-07-27T07:09:03+00:00\",\"breadcrumb\":{\"@id\":\"https:\/\/la-starna.com\/?page_id=6838&lang=fr#breadcrumb\"},\"inLanguage\":\"en-US\",\"potentialAction\":[{\"@type\":\"ReadAction\",\"target\":[\"https:\/\/la-starna.com\/?page_id=6838&lang=fr\"]}]},{\"@type\":\"ImageObject\",\"inLanguage\":\"en-US\",\"@id\":\"https:\/\/la-starna.com\/?page_id=6838&lang=fr#primaryimage\",\"url\":\"https:\/\/la-starna.com\/wp-content\/uploads\/2024\/06\/srb-e1717261324374.jpg\",\"contentUrl\":\"https:\/\/la-starna.com\/wp-content\/uploads\/2024\/06\/srb-e1717261324374.jpg\",\"width\":533,\"height\":400},{\"@type\":\"BreadcrumbList\",\"@id\":\"https:\/\/la-starna.com\/?page_id=6838&lang=fr#breadcrumb\",\"itemListElement\":[{\"@type\":\"ListItem\",\"position\":1,\"name\":\"Home\",\"item\":\"https:\/\/la-starna.com\/\"},{\"@type\":\"ListItem\",\"position\":2,\"name\":\"Destinations de chasse\"}]},{\"@type\":\"WebSite\",\"@id\":\"https:\/\/la-starna.com\/#website\",\"url\":\"https:\/\/la-starna.com\/\",\"name\":\"Centro caccia La Starna\",\"description\":\"Il centro di caccia \u201cLa Starna\u201d\",\"publisher\":{\"@id\":\"https:\/\/la-starna.com\/#organization\"},\"alternateName\":\"Il centro di caccia La Starna\",\"potentialAction\":[{\"@type\":\"SearchAction\",\"target\":{\"@type\":\"EntryPoint\",\"urlTemplate\":\"https:\/\/la-starna.com\/?s={search_term_string}\"},\"query-input\":{\"@type\":\"PropertyValueSpecification\",\"valueRequired\":true,\"valueName\":\"search_term_string\"}}],\"inLanguage\":\"en-US\"},{\"@type\":\"Organization\",\"@id\":\"https:\/\/la-starna.com\/#organization\",\"name\":\"Il centro di caccia La Starna\",\"alternateName\":\"La Starna Blace\",\"url\":\"https:\/\/la-starna.com\/\",\"logo\":{\"@type\":\"ImageObject\",\"inLanguage\":\"en-US\",\"@id\":\"https:\/\/la-starna.com\/#\/schema\/logo\/image\/\",\"url\":\"https:\/\/la-starna.com\/wp-content\/uploads\/2023\/06\/logo-la-starna-e1717317978163.png\",\"contentUrl\":\"https:\/\/la-starna.com\/wp-content\/uploads\/2023\/06\/logo-la-starna-e1717317978163.png\",\"width\":200,\"height\":80,\"caption\":\"Il centro di caccia La Starna\"},\"image\":{\"@id\":\"https:\/\/la-starna.com\/#\/schema\/logo\/image\/\"},\"sameAs\":[\"https:\/\/www.facebook.com\/lastarna\/\"]}]}<\/script>\n<!-- \/ Yoast SEO plugin. -->","yoast_head_json":{"title":"Destinations de chasse - La Starna","robots":{"index":"index","follow":"follow","max-snippet":"max-snippet:-1","max-image-preview":"max-image-preview:large","max-video-preview":"max-video-preview:-1"},"canonical":"https:\/\/la-starna.com\/?page_id=6838&lang=fr","og_locale":"en_US","og_type":"article","og_title":"Destinations de chasse - La Starna","og_description":"Chasse en Serbie Chasse \u00e0 la perdrix et cailles en Mac\u00e9doine Chasse \u00e0 la b\u00e9casse des bois au Mont\u00e9n\u00e9gro et en Herz\u00e9govine La chasse en R\u00e9publique d\u2019Afrique du Sud","og_url":"https:\/\/la-starna.com\/?page_id=6838&lang=fr","og_site_name":"La Starna","article_publisher":"https:\/\/www.facebook.com\/lastarna\/","article_modified_time":"2025-07-27T07:09:03+00:00","og_image":[{"url":"https:\/\/la-starna.com\/wp-content\/uploads\/2024\/06\/srb-e1717261324374.jpg","type":"","width":"","height":""}],"twitter_card":"summary_large_image","twitter_misc":{"Est. reading time":"1 minute"},"schema":{"@context":"https:\/\/schema.org","@graph":[{"@type":"WebPage","@id":"https:\/\/la-starna.com\/?page_id=6838&lang=fr","url":"https:\/\/la-starna.com\/?page_id=6838&lang=fr","name":"Destinations de chasse - La Starna","isPartOf":{"@id":"https:\/\/la-starna.com\/#website"},"primaryImageOfPage":{"@id":"https:\/\/la-starna.com\/?page_id=6838&lang=fr#primaryimage"},"image":{"@id":"https:\/\/la-starna.com\/?page_id=6838&lang=fr#primaryimage"},"thumbnailUrl":"https:\/\/la-starna.com\/wp-content\/uploads\/2024\/06\/srb-e1717261324374.jpg","datePublished":"2025-07-27T06:30:50+00:00","dateModified":"2025-07-27T07:09:03+00:00","breadcrumb":{"@id":"https:\/\/la-starna.com\/?page_id=6838&lang=fr#breadcrumb"},"inLanguage":"en-US","potentialAction":[{"@type":"ReadAction","target":["https:\/\/la-starna.com\/?page_id=6838&lang=fr"]}]},{"@type":"ImageObject","inLanguage":"en-US","@id":"https:\/\/la-starna.com\/?page_id=6838&lang=fr#primaryimage","url":"https:\/\/la-starna.com\/wp-content\/uploads\/2024\/06\/srb-e1717261324374.jpg","contentUrl":"https:\/\/la-starna.com\/wp-content\/uploads\/2024\/06\/srb-e1717261324374.jpg","width":533,"height":400},{"@type":"BreadcrumbList","@id":"https:\/\/la-starna.com\/?page_id=6838&lang=fr#breadcrumb","itemListElement":[{"@type":"ListItem","position":1,"name":"Home","item":"https:\/\/la-starna.com\/"},{"@type":"ListItem","position":2,"name":"Destinations de chasse"}]},{"@type":"WebSite","@id":"https:\/\/la-starna.com\/#website","url":"https:\/\/la-starna.com\/","name":"Centro caccia La Starna","description":"Il centro di caccia \u201cLa Starna\u201d","publisher":{"@id":"https:\/\/la-starna.com\/#organization"},"alternateName":"Il centro di caccia La Starna","potentialAction":[{"@type":"SearchAction","target":{"@type":"EntryPoint","urlTemplate":"https:\/\/la-starna.com\/?s={search_term_string}"},"query-input":{"@type":"PropertyValueSpecification","valueRequired":true,"valueName":"search_term_string"}}],"inLanguage":"en-US"},{"@type":"Organization","@id":"https:\/\/la-starna.com\/#organization","name":"Il centro di caccia La Starna","alternateName":"La Starna Blace","url":"https:\/\/la-starna.com\/","logo":{"@type":"ImageObject","inLanguage":"en-US","@id":"https:\/\/la-starna.com\/#\/schema\/logo\/image\/","url":"https:\/\/la-starna.com\/wp-content\/uploads\/2023\/06\/logo-la-starna-e1717317978163.png","contentUrl":"https:\/\/la-starna.com\/wp-content\/uploads\/2023\/06\/logo-la-starna-e1717317978163.png","width":200,"height":80,"caption":"Il centro di caccia La Starna"},"image":{"@id":"https:\/\/la-starna.com\/#\/schema\/logo\/image\/"},"sameAs":["https:\/\/www.facebook.com\/lastarna\/"]}]}},"lang":"fr","translations":{"fr":6838,"it":6259,"en":6510,"de":6710,"es":7005},"pll_sync_post":[],"_links":{"self":[{"href":"https:\/\/la-starna.com\/index.php?rest_route=\/wp\/v2\/pages\/6838","targetHints":{"allow":["GET"]}}],"collection":[{"href":"https:\/\/la-starna.com\/index.php?rest_route=\/wp\/v2\/pages"}],"about":[{"href":"https:\/\/la-starna.com\/index.php?rest_route=\/wp\/v2\/types\/page"}],"author":[{"embeddable":true,"href":"https:\/\/la-starna.com\/index.php?rest_route=\/wp\/v2\/users\/1"}],"replies":[{"embeddable":true,"href":"https:\/\/la-starna.com\/index.php?rest_route=%2Fwp%2Fv2%2Fcomments&post=6838"}],"version-history":[{"count":7,"href":"https:\/\/la-starna.com\/index.php?rest_route=\/wp\/v2\/pages\/6838\/revisions"}],"predecessor-version":[{"id":6848,"href":"https:\/\/la-starna.com\/index.php?rest_route=\/wp\/v2\/pages\/6838\/revisions\/6848"}],"wp:attachment":[{"href":"https:\/\/la-starna.com\/index.php?rest_route=%2Fwp%2Fv2%2Fmedia&parent=6838"}],"curies":[{"name":"wp","href":"https:\/\/api.w.org\/{rel}","templated":true}]}}