{"id":6747,"date":"2025-07-26T14:57:28","date_gmt":"2025-07-26T14:57:28","guid":{"rendered":"https:\/\/la-starna.com\/?page_id=6747"},"modified":"2025-07-26T14:59:31","modified_gmt":"2025-07-26T14:59:31","slug":"comment-nous-joindre","status":"publish","type":"page","link":"https:\/\/la-starna.com\/?page_id=6747&lang=fr","title":{"rendered":"Comment nous joindre"},"content":{"rendered":"\t\t<div data-elementor-type=\"wp-page\" data-elementor-id=\"6747\" class=\"elementor elementor-6747\">\n\t\t\t\t<div class=\"elementor-element elementor-element-4a8ef2e e-grid e-con-boxed e-con e-parent\" data-id=\"4a8ef2e\" data-element_type=\"container\" data-settings=\"{&quot;background_background&quot;:&quot;classic&quot;}\">\n\t\t\t\t\t<div class=\"e-con-inner\">\n\t\t<div class=\"elementor-element elementor-element-91f7770 e-con-full e-flex e-con e-child\" data-id=\"91f7770\" data-element_type=\"container\">\n\t\t\t\t<div class=\"elementor-element elementor-element-ee1b303 elementor-widget elementor-widget-naturosectiontitle\" data-id=\"ee1b303\" data-element_type=\"widget\" data-widget_type=\"naturosectiontitle.default\">\n\t\t\t\t<div class=\"elementor-widget-container\">\n\t\t\t\t\t<div class=\"section-title\" ><h4 class=\"sec-title1 subtitle-selector\">Route depuis l'Italie<\/h4><div class=\"sec_line\"><img decoding=\"async\" src=\"https:\/\/wordpress.vecurosoft.com\/huntar\/wp-content\/uploads\/2021\/11\/about-line-1.png\" alt=\"about line 1\"  class=\"mb-4\" \/><\/div><p class=\"desc\">EN VOITURE\u00a0: <br><br>\nTrieste \u2013 Ljubljana \u2013 Zagreb \u2013 Belgrade \u2013 Kru\u0161evac \u2013 Blace. Distance de Trieste : 960 km \u2013 toutes autoroutes. Temps de trajet estim\u00e9 : 8 \u00e0 9 heures.\n<br><br>\nFERRY <br><br>(Itin\u00e9raire recommand\u00e9 depuis le sud de l'Italie)\u00a0:\nBari \u2013 Durr\u00ebs (Albanie)\nBrindisi \u2013 Durr\u00ebs (Albanie)\nAnc\u00f4ne \u2013 Durr\u00ebs (Albanie)\nDurr\u00ebs \u2013 Prizren (Kosovo) \u2013 Pristina \u2013 Podujevo \u2013 Merdare (Serbie) \u2013 BLACE\nNous sommes \u00e0 350 km de Durr\u00ebs, dont 250 km par autoroute (4-5 heures en voiture).<br><br>\nA\u00c9ROPORT\u00a0:<br><br>\nArriv\u00e9e \u00e0 Nis\nBergame (A\u00e9roport d'Orio al Serio) \u2013 A\u00e9roport de Ni\u0161 (Serbie)\nL'a\u00e9roport de Ni\u0161 est \u00e0 55 km de notre pavillon de chasse (40 minutes en voiture).\nArriv\u00e9e \u00e0 Belgrade\nMilan (a\u00e9roport de Malpensa) \u2013 A\u00e9roport de Belgrade (Serbie)\nRome (a\u00e9roport de Fiumicino) \u2013 A\u00e9roport de Belgrade (Serbie)\nL'a\u00e9roport de Belgrade se trouve \u00e0 55 km de notre pavillon de chasse (40 minutes en voiture), \u00e0 240 km de notre zone de chasse (2 heures en voiture) et \u00e0 90 km de la r\u00e9gion de Vo\u00efvodine (1 heure en voiture).<\/p><\/div>\t\t\t\t<\/div>\n\t\t\t\t<\/div>\n\t\t\t\t<div class=\"elementor-element elementor-element-d784dd9 elementor-widget elementor-widget-naturocalltoaction\" data-id=\"d784dd9\" data-element_type=\"widget\" data-widget_type=\"naturocalltoaction.default\">\n\t\t\t\t<div class=\"elementor-widget-container\">\n\t\t\t\t\t<!-----------------------Start Call to action Area-----------------------><div class=\"cta-box mb-30\"><img decoding=\"async\" src=\"https:\/\/wordpress.vecurosoft.com\/huntar\/wp-content\/uploads\/2021\/11\/about-img-2.png\" alt=\"about img 2\"  class=\"vs-manager\" \/><div class=\"cta-box-content\"><h3 class=\"text-title2 mb-0\">00381658304268 <\/h3><\/div><\/div><!-----------------------End Call to action Area----------------------->\t\t\t\t<\/div>\n\t\t\t\t<\/div>\n\t\t\t\t<div class=\"elementor-element elementor-element-20660cb elementor-widget elementor-widget-naturobutton\" data-id=\"20660cb\" data-element_type=\"widget\" data-widget_type=\"naturobutton.default\">\n\t\t\t\t<div class=\"elementor-widget-container\">\n\t\t\t\t\t<!-- Button --><div class=\"btn-wrapper \"><a class=\"vs-btn style-1\" href=\"https:\/\/la-starna.com\/?page_id=6737&#038;lang=fr\"><span><i class=\"fal fa-arrow-right\"><\/i><\/span> Contact<\/a><\/div><!-- End Button -->\t\t\t\t<\/div>\n\t\t\t\t<\/div>\n\t\t\t\t<\/div>\n\t\t<div class=\"elementor-element elementor-element-7e3ee57 e-con-full e-flex e-con e-child\" data-id=\"7e3ee57\" data-element_type=\"container\">\n\t\t\t\t<div class=\"elementor-element elementor-element-07df4e3 elementor-widget elementor-widget-naturomegahover\" data-id=\"07df4e3\" data-element_type=\"widget\" data-widget_type=\"naturomegahover.default\">\n\t\t\t\t<div class=\"elementor-widget-container\">\n\t\t\t\t\t<div class=\"mega-img-box\"><div class=\"img-1\"><div class=\"mega-hover\"><img decoding=\"async\" src=\"\" alt=\"\"  class=\"w-100\" \/><\/div><\/div><\/div>\t\t\t\t<\/div>\n\t\t\t\t<\/div>\n\t\t\t\t<div class=\"elementor-element elementor-element-22465c4 elementor-widget elementor-widget-naturomegahover\" data-id=\"22465c4\" data-element_type=\"widget\" data-widget_type=\"naturomegahover.default\">\n\t\t\t\t<div class=\"elementor-widget-container\">\n\t\t\t\t\t<div class=\"mega-img-box\"><div class=\"img-1\"><div class=\"mega-hover\"><img decoding=\"async\" src=\"https:\/\/la-starna.com\/wp-content\/uploads\/2024\/06\/ladrac-1-1024x485-1.jpg\" alt=\"ladrac 1 1024x485 1\"  class=\"w-100\" \/><\/div><\/div><\/div>\t\t\t\t<\/div>\n\t\t\t\t<\/div>\n\t\t\t\t<div class=\"elementor-element elementor-element-02d0f45 elementor-widget elementor-widget-naturomegahover\" data-id=\"02d0f45\" data-element_type=\"widget\" data-widget_type=\"naturomegahover.default\">\n\t\t\t\t<div class=\"elementor-widget-container\">\n\t\t\t\t\t<div class=\"mega-img-box\"><div class=\"img-1\"><div class=\"mega-hover\"><img decoding=\"async\" src=\"https:\/\/la-starna.com\/wp-content\/uploads\/2024\/06\/trst-la-starna-1-1024x548-1.jpg\" alt=\"trst la starna 1 1024x548 1\"  class=\"w-100\" \/><\/div><\/div><\/div>\t\t\t\t<\/div>\n\t\t\t\t<\/div>\n\t\t\t\t<\/div>\n\t\t\t\t\t<\/div>\n\t\t\t\t<\/div>\n\t\t\t\t<\/div>\n\t\t","protected":false},"excerpt":{"rendered":"<p>Route depuis l&#8217;Italie EN VOITURE\u00a0: Trieste \u2013 Ljubljana \u2013 Zagreb \u2013 Belgrade \u2013 Kru\u0161evac \u2013 Blace. Distance de Trieste : 960 km \u2013 toutes autoroutes. Temps de trajet estim\u00e9 : 8 \u00e0 9 heures. FERRY (Itin\u00e9raire recommand\u00e9 depuis le sud de l&#8217;Italie)\u00a0: Bari \u2013 Durr\u00ebs (Albanie) Brindisi \u2013 Durr\u00ebs (Albanie) Anc\u00f4ne \u2013 Durr\u00ebs (Albanie) Durr\u00ebs&#8230;<\/p>\n","protected":false},"author":1,"featured_media":0,"parent":0,"menu_order":0,"comment_status":"closed","ping_status":"closed","template":"","meta":{"_glsr_average":0,"_glsr_ranking":0,"_glsr_reviews":0,"footnotes":""},"class_list":["post-6747","page","type-page","status-publish","hentry"],"yoast_head":"<!-- This site is optimized with the Yoast SEO plugin v24.3 - https:\/\/yoast.com\/wordpress\/plugins\/seo\/ -->\n<title>Comment nous joindre - La Starna<\/title>\n<meta name=\"robots\" content=\"index, follow, max-snippet:-1, max-image-preview:large, max-video-preview:-1\" \/>\n<link rel=\"canonical\" href=\"https:\/\/la-starna.com\/?page_id=6747&lang=fr\" \/>\n<meta property=\"og:locale\" content=\"en_US\" \/>\n<meta property=\"og:type\" content=\"article\" \/>\n<meta property=\"og:title\" content=\"Comment nous joindre - La Starna\" \/>\n<meta property=\"og:description\" content=\"Route depuis l&#8217;Italie EN VOITURE\u00a0: Trieste \u2013 Ljubljana \u2013 Zagreb \u2013 Belgrade \u2013 Kru\u0161evac \u2013 Blace. Distance de Trieste : 960 km \u2013 toutes autoroutes. Temps de trajet estim\u00e9 : 8 \u00e0 9 heures. FERRY (Itin\u00e9raire recommand\u00e9 depuis le sud de l&#8217;Italie)\u00a0: Bari \u2013 Durr\u00ebs (Albanie) Brindisi \u2013 Durr\u00ebs (Albanie) Anc\u00f4ne \u2013 Durr\u00ebs (Albanie) Durr\u00ebs...\" \/>\n<meta property=\"og:url\" content=\"https:\/\/la-starna.com\/?page_id=6747&amp;lang=fr\" \/>\n<meta property=\"og:site_name\" content=\"La Starna\" \/>\n<meta property=\"article:publisher\" content=\"https:\/\/www.facebook.com\/lastarna\/\" \/>\n<meta property=\"article:modified_time\" content=\"2025-07-26T14:59:31+00:00\" \/>\n<meta property=\"og:image\" content=\"https:\/\/wordpress.vecurosoft.com\/huntar\/wp-content\/uploads\/2021\/11\/about-line-1.png\" \/>\n<meta name=\"twitter:card\" content=\"summary_large_image\" \/>\n<meta name=\"twitter:label1\" content=\"Est. reading time\" \/>\n\t<meta name=\"twitter:data1\" content=\"2 minutes\" \/>\n<script type=\"application\/ld+json\" class=\"yoast-schema-graph\">{\"@context\":\"https:\/\/schema.org\",\"@graph\":[{\"@type\":\"WebPage\",\"@id\":\"https:\/\/la-starna.com\/?page_id=6747&lang=fr\",\"url\":\"https:\/\/la-starna.com\/?page_id=6747&lang=fr\",\"name\":\"Comment nous joindre - La Starna\",\"isPartOf\":{\"@id\":\"https:\/\/la-starna.com\/#website\"},\"primaryImageOfPage\":{\"@id\":\"https:\/\/la-starna.com\/?page_id=6747&lang=fr#primaryimage\"},\"image\":{\"@id\":\"https:\/\/la-starna.com\/?page_id=6747&lang=fr#primaryimage\"},\"thumbnailUrl\":\"https:\/\/wordpress.vecurosoft.com\/huntar\/wp-content\/uploads\/2021\/11\/about-line-1.png\",\"datePublished\":\"2025-07-26T14:57:28+00:00\",\"dateModified\":\"2025-07-26T14:59:31+00:00\",\"breadcrumb\":{\"@id\":\"https:\/\/la-starna.com\/?page_id=6747&lang=fr#breadcrumb\"},\"inLanguage\":\"en-US\",\"potentialAction\":[{\"@type\":\"ReadAction\",\"target\":[\"https:\/\/la-starna.com\/?page_id=6747&lang=fr\"]}]},{\"@type\":\"ImageObject\",\"inLanguage\":\"en-US\",\"@id\":\"https:\/\/la-starna.com\/?page_id=6747&lang=fr#primaryimage\",\"url\":\"https:\/\/wordpress.vecurosoft.com\/huntar\/wp-content\/uploads\/2021\/11\/about-line-1.png\",\"contentUrl\":\"https:\/\/wordpress.vecurosoft.com\/huntar\/wp-content\/uploads\/2021\/11\/about-line-1.png\"},{\"@type\":\"BreadcrumbList\",\"@id\":\"https:\/\/la-starna.com\/?page_id=6747&lang=fr#breadcrumb\",\"itemListElement\":[{\"@type\":\"ListItem\",\"position\":1,\"name\":\"Home\",\"item\":\"https:\/\/la-starna.com\/\"},{\"@type\":\"ListItem\",\"position\":2,\"name\":\"Comment nous joindre\"}]},{\"@type\":\"WebSite\",\"@id\":\"https:\/\/la-starna.com\/#website\",\"url\":\"https:\/\/la-starna.com\/\",\"name\":\"Centro caccia La Starna\",\"description\":\"Il centro di caccia \u201cLa Starna\u201d\",\"publisher\":{\"@id\":\"https:\/\/la-starna.com\/#organization\"},\"alternateName\":\"Il centro di caccia La Starna\",\"potentialAction\":[{\"@type\":\"SearchAction\",\"target\":{\"@type\":\"EntryPoint\",\"urlTemplate\":\"https:\/\/la-starna.com\/?s={search_term_string}\"},\"query-input\":{\"@type\":\"PropertyValueSpecification\",\"valueRequired\":true,\"valueName\":\"search_term_string\"}}],\"inLanguage\":\"en-US\"},{\"@type\":\"Organization\",\"@id\":\"https:\/\/la-starna.com\/#organization\",\"name\":\"Il centro di caccia La Starna\",\"alternateName\":\"La Starna Blace\",\"url\":\"https:\/\/la-starna.com\/\",\"logo\":{\"@type\":\"ImageObject\",\"inLanguage\":\"en-US\",\"@id\":\"https:\/\/la-starna.com\/#\/schema\/logo\/image\/\",\"url\":\"https:\/\/la-starna.com\/wp-content\/uploads\/2023\/06\/logo-la-starna-e1717317978163.png\",\"contentUrl\":\"https:\/\/la-starna.com\/wp-content\/uploads\/2023\/06\/logo-la-starna-e1717317978163.png\",\"width\":200,\"height\":80,\"caption\":\"Il centro di caccia La Starna\"},\"image\":{\"@id\":\"https:\/\/la-starna.com\/#\/schema\/logo\/image\/\"},\"sameAs\":[\"https:\/\/www.facebook.com\/lastarna\/\"]}]}<\/script>\n<!-- \/ Yoast SEO plugin. -->","yoast_head_json":{"title":"Comment nous joindre - La Starna","robots":{"index":"index","follow":"follow","max-snippet":"max-snippet:-1","max-image-preview":"max-image-preview:large","max-video-preview":"max-video-preview:-1"},"canonical":"https:\/\/la-starna.com\/?page_id=6747&lang=fr","og_locale":"en_US","og_type":"article","og_title":"Comment nous joindre - La Starna","og_description":"Route depuis l&#8217;Italie EN VOITURE\u00a0: Trieste \u2013 Ljubljana \u2013 Zagreb \u2013 Belgrade \u2013 Kru\u0161evac \u2013 Blace. Distance de Trieste : 960 km \u2013 toutes autoroutes. Temps de trajet estim\u00e9 : 8 \u00e0 9 heures. FERRY (Itin\u00e9raire recommand\u00e9 depuis le sud de l&#8217;Italie)\u00a0: Bari \u2013 Durr\u00ebs (Albanie) Brindisi \u2013 Durr\u00ebs (Albanie) Anc\u00f4ne \u2013 Durr\u00ebs (Albanie) Durr\u00ebs...","og_url":"https:\/\/la-starna.com\/?page_id=6747&lang=fr","og_site_name":"La Starna","article_publisher":"https:\/\/www.facebook.com\/lastarna\/","article_modified_time":"2025-07-26T14:59:31+00:00","og_image":[{"url":"https:\/\/wordpress.vecurosoft.com\/huntar\/wp-content\/uploads\/2021\/11\/about-line-1.png","type":"","width":"","height":""}],"twitter_card":"summary_large_image","twitter_misc":{"Est. reading time":"2 minutes"},"schema":{"@context":"https:\/\/schema.org","@graph":[{"@type":"WebPage","@id":"https:\/\/la-starna.com\/?page_id=6747&lang=fr","url":"https:\/\/la-starna.com\/?page_id=6747&lang=fr","name":"Comment nous joindre - La Starna","isPartOf":{"@id":"https:\/\/la-starna.com\/#website"},"primaryImageOfPage":{"@id":"https:\/\/la-starna.com\/?page_id=6747&lang=fr#primaryimage"},"image":{"@id":"https:\/\/la-starna.com\/?page_id=6747&lang=fr#primaryimage"},"thumbnailUrl":"https:\/\/wordpress.vecurosoft.com\/huntar\/wp-content\/uploads\/2021\/11\/about-line-1.png","datePublished":"2025-07-26T14:57:28+00:00","dateModified":"2025-07-26T14:59:31+00:00","breadcrumb":{"@id":"https:\/\/la-starna.com\/?page_id=6747&lang=fr#breadcrumb"},"inLanguage":"en-US","potentialAction":[{"@type":"ReadAction","target":["https:\/\/la-starna.com\/?page_id=6747&lang=fr"]}]},{"@type":"ImageObject","inLanguage":"en-US","@id":"https:\/\/la-starna.com\/?page_id=6747&lang=fr#primaryimage","url":"https:\/\/wordpress.vecurosoft.com\/huntar\/wp-content\/uploads\/2021\/11\/about-line-1.png","contentUrl":"https:\/\/wordpress.vecurosoft.com\/huntar\/wp-content\/uploads\/2021\/11\/about-line-1.png"},{"@type":"BreadcrumbList","@id":"https:\/\/la-starna.com\/?page_id=6747&lang=fr#breadcrumb","itemListElement":[{"@type":"ListItem","position":1,"name":"Home","item":"https:\/\/la-starna.com\/"},{"@type":"ListItem","position":2,"name":"Comment nous joindre"}]},{"@type":"WebSite","@id":"https:\/\/la-starna.com\/#website","url":"https:\/\/la-starna.com\/","name":"Centro caccia La Starna","description":"Il centro di caccia \u201cLa Starna\u201d","publisher":{"@id":"https:\/\/la-starna.com\/#organization"},"alternateName":"Il centro di caccia La Starna","potentialAction":[{"@type":"SearchAction","target":{"@type":"EntryPoint","urlTemplate":"https:\/\/la-starna.com\/?s={search_term_string}"},"query-input":{"@type":"PropertyValueSpecification","valueRequired":true,"valueName":"search_term_string"}}],"inLanguage":"en-US"},{"@type":"Organization","@id":"https:\/\/la-starna.com\/#organization","name":"Il centro di caccia La Starna","alternateName":"La Starna Blace","url":"https:\/\/la-starna.com\/","logo":{"@type":"ImageObject","inLanguage":"en-US","@id":"https:\/\/la-starna.com\/#\/schema\/logo\/image\/","url":"https:\/\/la-starna.com\/wp-content\/uploads\/2023\/06\/logo-la-starna-e1717317978163.png","contentUrl":"https:\/\/la-starna.com\/wp-content\/uploads\/2023\/06\/logo-la-starna-e1717317978163.png","width":200,"height":80,"caption":"Il centro di caccia La Starna"},"image":{"@id":"https:\/\/la-starna.com\/#\/schema\/logo\/image\/"},"sameAs":["https:\/\/www.facebook.com\/lastarna\/"]}]}},"lang":"fr","translations":{"fr":6747,"de":6578,"it":5457,"en":6586,"es":6982},"pll_sync_post":[],"_links":{"self":[{"href":"https:\/\/la-starna.com\/index.php?rest_route=\/wp\/v2\/pages\/6747","targetHints":{"allow":["GET"]}}],"collection":[{"href":"https:\/\/la-starna.com\/index.php?rest_route=\/wp\/v2\/pages"}],"about":[{"href":"https:\/\/la-starna.com\/index.php?rest_route=\/wp\/v2\/types\/page"}],"author":[{"embeddable":true,"href":"https:\/\/la-starna.com\/index.php?rest_route=\/wp\/v2\/users\/1"}],"replies":[{"embeddable":true,"href":"https:\/\/la-starna.com\/index.php?rest_route=%2Fwp%2Fv2%2Fcomments&post=6747"}],"version-history":[{"count":4,"href":"https:\/\/la-starna.com\/index.php?rest_route=\/wp\/v2\/pages\/6747\/revisions"}],"predecessor-version":[{"id":6753,"href":"https:\/\/la-starna.com\/index.php?rest_route=\/wp\/v2\/pages\/6747\/revisions\/6753"}],"wp:attachment":[{"href":"https:\/\/la-starna.com\/index.php?rest_route=%2Fwp%2Fv2%2Fmedia&parent=6747"}],"curies":[{"name":"wp","href":"https:\/\/api.w.org\/{rel}","templated":true}]}}