{"id":6646,"date":"2025-07-26T11:22:41","date_gmt":"2025-07-26T11:22:41","guid":{"rendered":"https:\/\/la-starna.com\/?page_id=6646"},"modified":"2025-07-26T11:45:12","modified_gmt":"2025-07-26T11:45:12","slug":"beratung","status":"publish","type":"page","link":"https:\/\/la-starna.com\/?page_id=6646&lang=de","title":{"rendered":"Hinweise &#038; Empfehlungen"},"content":{"rendered":"\t\t<div data-elementor-type=\"wp-page\" data-elementor-id=\"6646\" class=\"elementor elementor-6646\">\n\t\t\t\t<div class=\"elementor-element elementor-element-aea0ecf e-flex e-con-boxed e-con e-parent\" data-id=\"aea0ecf\" data-element_type=\"container\">\n\t\t\t\t\t<div class=\"e-con-inner\">\n\t\t\t\t<div class=\"elementor-element elementor-element-7e724e9 elementor-widget elementor-widget-naturofeatures\" data-id=\"7e724e9\" data-element_type=\"widget\" data-widget_type=\"naturofeatures.default\">\n\t\t\t\t<div class=\"elementor-widget-container\">\n\t\t\t\t\t<!------------------------------- Features Area start -------------------------------><div class=\"vs-how-we-work-wrapper\"><div class=\"container\"><div class=\"row\"><div class=\"col-lg-5 col-md-6\"><div class=\"feature-box overflow-hidden mb-30\"><div class=\"feature-content\"><h5 class=\"semi-title fw-medium mb-10\"><a href=\"#\">Reisedokumente<\/a><\/h5><p class=\"text-body2 fw-light mb-lg-10\">Bei der Einreise in die Republik Serbien zu touristischen Zwecken oder zum Hundetraining \u2013 jedoch ohne Waffen \u2013 ist es B\u00fcrgern der EU-Staaten und der Schweiz gestattet, ausschlie\u00dflich mit dem Personalausweis problemlos einzureisen.\n\nJ\u00e4ger oder Touristen aus au\u00dfereurop\u00e4ischen L\u00e4ndern k\u00f6nnen sich vor der Einreise mit uns in Verbindung setzen oder bei der serbischen Botschaft oder dem Konsulat ihres Landes erkundigen, welche Reisedokumente erforderlich sind.\n\nJ\u00e4ger, die ihre eigene Jagdwaffe mitbringen, m\u00fcssen im Besitz eines g\u00fcltigen Reisepasses sein.\n\nEinfuhr von Jagdwaffen und Munition in die Republik Serbien bei Anreise mit dem Auto\nJ\u00e4ger, die ihre eigenen Jagdwaffen mitf\u00fchren, d\u00fcrfen diese problemlos einf\u00fchren, vorausgesetzt sie verf\u00fcgen \u00fcber ein Einladungsschreiben zur Jagd, das von unserer Agentur an den einzelnen J\u00e4ger oder eine Jagdgruppe ausgestellt wurde.<\/p><\/div><\/div><\/div><div class=\"col-lg-5 col-md-6\"><div class=\"feature-box overflow-hidden mb-30\"><div class=\"feature-content\"><h5 class=\"semi-title fw-medium mb-10\"><a href=\"#\">Einreise mit dem Auto<\/a><\/h5><p class=\"text-body2 fw-light mb-lg-10\">Bei der Einreise mit dem Auto sind Sie verpflichtet, dem Grenzpolizisten, der Ihre Dokumente kontrolliert, das Einladungsschreiben zur Jagd vorzulegen.\nDer Polizist wird Sie zu einem B\u00fcro an der Grenze weiterleiten, wo Sie eine Geb\u00fchr f\u00fcr die Einfuhr der Waffe entrichten m\u00fcssen.\n\nDie H\u00f6he der Geb\u00fchr ist einheitlich und betr\u00e4gt 37 Euro pro J\u00e4ger, wenn bis zu f\u00fcnf Gewehre derselben Art eingef\u00fchrt werden.\n\nDie Best\u00e4tigung, die Sie von der Polizei erhalten, m\u00fcssen Sie bei der Ausreise an jedem anderen Grenz\u00fcbergang einem Polizisten aush\u00e4ndigen.\n\nLokale Grenz\u00fcberg\u00e4nge zu den Nachbarl\u00e4ndern, an denen der G\u00fcterverkehr und der Tiertransport untersagt sind, k\u00f6nnen keine Best\u00e4tigungen zur Ein- oder Ausfuhr von Waffen ausstellen.\n\nDokumente f\u00fcr die Einfuhr und den Transport von Hunden durch die Republik Serbien\nJede Person, die sich zwecks Jagd oder Hundetraining in der Republik Serbien aufh\u00e4lt, darf bis zu f\u00fcnf (5) Hunde problemlos mit sich f\u00fchren.\nDie Hunde m\u00fcssen \u00fcber:\n\nEinen Haustierpass;  \nEine g\u00fcltige Tollwutimpfung;\nSowie einen g\u00fcltigen TITERT-Test verf\u00fcgen.<\/p><\/div><\/div><\/div><div class=\"col-lg-5 col-md-6\"><div class=\"feature-box overflow-hidden mb-30\"><div class=\"feature-content\"><h5 class=\"semi-title fw-medium mb-10\"><a href=\"#\">TITERT-Test<\/a><\/h5><p class=\"text-body2 fw-light mb-lg-10\">Der TITERT-Test ist ein Antik\u00f6rpertest im Blut Ihres Haustieres nach der Tollwutimpfung.\n\nHinweis: Beim Verlassen des Territoriums der Republik Serbien \u00fcberpr\u00fcfen die benachbarten EU-Mitgliedsstaaten in der Regel die G\u00fcltigkeit des TITERT-Tests.\n\nFlugreisen und Mitnahme von Jagdwaffen\nPersonen, die mit dem Flugzeug reisen, d\u00fcrfen ihre Jagdwaffen ebenfalls mitf\u00fchren, m\u00fcssen sich jedoch mindestens 45 bis 60 Tage im Voraus bei der Fluggesellschaft informieren, ob der Transport von Jagdwaffen erlaubt ist.\n\nHinweis: Nicht alle Fluggesellschaften gestatten den Transport von Jagdwaffen.\n\nBei der Einfuhr von Jagdwaffen in die Republik Serbien darf jeder J\u00e4ger maximal f\u00fcnf (5) Gewehre, davon h\u00f6chstens drei (3) desselben Typs, mitbringen.\n\nDie maximale Menge an Jagdmunition, die pro J\u00e4ger eingef\u00fchrt werden darf, betr\u00e4gt 500 St\u00fcck.<\/p><\/div><\/div><\/div><div class=\"col-lg-5 col-md-6\"><div class=\"feature-box overflow-hidden mb-30\"><div class=\"feature-content\"><h5 class=\"semi-title fw-medium mb-10\"><a href=\"#\">Reisen<\/a><\/h5><p class=\"text-body2 fw-light mb-lg-10\">Die Vertreter der Agentur \u201eLa Starna\u201c sind verpflichtet, Ihre Ankunft mit Waffen am Flughafen anzumelden und Sie dort in Empfang zu nehmen.\nReise \u2013 Transit mit Waffen durch die Republik Serbien\nBei einer Reise mit dem Auto durch die Republik Serbien in Richtung Bulgarien, Rum\u00e4nien, Nordmazedonien, Kroatien oder Griechenland sind Sie verpflichtet, ein Einladungsschreiben zur Jagd aus dem Zielland mit sich zu f\u00fchren.\n\nHinweis: Sie sind verpflichtet, bei der Einreise an der Grenze das Mitf\u00fchren von Waffen der Polizei zu melden und bei der Ausreise an einem beliebigen anderen Grenz\u00fcbergang die bei der Einreise ausgestellte Best\u00e4tigung erneut der Polizei vorzulegen.<\/p><\/div><\/div><\/div><div class=\"col-lg-5 col-md-6\"><div class=\"feature-box overflow-hidden mb-30\"><div class=\"feature-content\"><h5 class=\"semi-title fw-medium mb-10\"><a href=\"#\">Reise nach und durch die Republik Nordmazedonien mit Jagdwaffen<\/a><\/h5><p class=\"text-body2 fw-light mb-lg-10\">Wenn Sie im Rahmen unserer Organisation in der Republik Nordmazedonien jagen, stellen wir Ihnen ein Einladungsschreiben aus, mit dem Sie problemlos Ihre Waffen einf\u00fchren und durch alle Nachbarl\u00e4nder reisen k\u00f6nnen.\n\nFalls Sie jedoch nur durch das Gebiet der Republik Nordmazedonien reisen und dort nicht jagen, sind Sie verpflichtet, beim Konsulat der Republik Nordmazedonien in Ihrem Land eine Genehmigung f\u00fcr den Waffentransit zu beantragen.\n\nHinweis: Diese Genehmigung ist erforderlich, wenn Sie mit Waffen das Territorium Nordmazedoniens durchqueren, aber nicht dort jagen.<\/p><\/div><\/div><\/div><div class=\"col-lg-5 col-md-6\"><div class=\"feature-box overflow-hidden mb-30\"><div class=\"feature-content\"><h5 class=\"semi-title fw-medium mb-10\"><a href=\"#\">Kosovo und Albanien<\/a><\/h5><p class=\"text-body2 fw-light mb-lg-10\">Der Transport und das Mitf\u00fchren von Waffen durch Kosovo und Albanien ist nicht erlaubt, da es keine gesetzliche Regelung daf\u00fcr gibt.\nDas Verfahren f\u00fcr den Transport von Hunden ist identisch mit dem in der Republik Serbien.\n\nReisedokumente: Biometrischer Personalausweis oder \u2013 falls Sie nur einen alten Ausweis in Papierform besitzen \u2013 ein Reisepass ist erforderlich.\n\nZeitzone\nDie Zeitzone in der Republik Serbien entspricht der Mitteleurop\u00e4ischen Zeit (MEZ).\nDie Jahreszeiten sind vergleichbar mit denen in Mitteleuropa.\n\nWir empfehlen Ihnen, uns vor jeder Reise zu kontaktieren, um Ratschl\u00e4ge und Empfehlungen bez\u00fcglich der Ausr\u00fcstung und Kleidung zu erhalten.\n<\/p><\/div><\/div><\/div><div class=\"col-lg-5 col-md-6\"><div class=\"feature-box overflow-hidden mb-30\"><div class=\"feature-content\"><h5 class=\"semi-title fw-medium mb-10\"><a href=\"#\">Zahlungsarten und Jagdreservierung<\/a><\/h5><p class=\"text-body2 fw-light mb-lg-10\">Um Ihr Jagdprogramm in unserer Organisation zu reservieren, bitten wir Sie, dies mindestens 30 Tage im Voraus zu tun.\nBei der Reservierung der Jagd sind Sie verpflichtet, 30 % des Gesamtbetrags als Anzahlung auf unser Konto zu \u00fcberweisen \u2013 als Best\u00e4tigung Ihrer Ankunft.\nDer Restbetrag wird am ersten Tag Ihrer Ankunft bezahlt.\n\nDie Zahlung kann per Kreditkarte oder Bank\u00fcberweisung erfolgen.\n\nHinweis: Falls Sie aus unvorhersehbaren Gr\u00fcnden nach der Reservierung nicht zur Jagd anreisen k\u00f6nnen, bitten wir Sie, uns rechtzeitig zu informieren.\nIn vielen F\u00e4llen besteht die M\u00f6glichkeit, Ihnen entgegenzukommen und eine Jagd auf eine andere Wildart im gleichen Kalenderjahr zu organisieren.\n<\/p><\/div><\/div><\/div><\/div><\/div><\/div>\t\t\t\t<\/div>\n\t\t\t\t<\/div>\n\t\t\t\t\t<\/div>\n\t\t\t\t<\/div>\n\t\t\t\t<\/div>\n\t\t","protected":false},"excerpt":{"rendered":"<p>Reisedokumente Bei der Einreise in die Republik Serbien zu touristischen Zwecken oder zum Hundetraining \u2013 jedoch ohne Waffen \u2013 ist es B\u00fcrgern der EU-Staaten und der Schweiz gestattet, ausschlie\u00dflich mit dem Personalausweis problemlos einzureisen. J\u00e4ger oder Touristen aus au\u00dfereurop\u00e4ischen L\u00e4ndern k\u00f6nnen sich vor der Einreise mit uns in Verbindung setzen oder bei der serbischen Botschaft&#8230;<\/p>\n","protected":false},"author":1,"featured_media":0,"parent":0,"menu_order":0,"comment_status":"closed","ping_status":"closed","template":"","meta":{"_glsr_average":0,"_glsr_ranking":0,"_glsr_reviews":0,"footnotes":""},"class_list":["post-6646","page","type-page","status-publish","hentry"],"yoast_head":"<!-- This site is optimized with the Yoast SEO plugin v24.3 - https:\/\/yoast.com\/wordpress\/plugins\/seo\/ -->\n<title>Hinweise &amp; Empfehlungen - La Starna<\/title>\n<meta name=\"robots\" content=\"index, follow, max-snippet:-1, max-image-preview:large, max-video-preview:-1\" \/>\n<link rel=\"canonical\" href=\"https:\/\/la-starna.com\/?page_id=6646&lang=de\" \/>\n<meta property=\"og:locale\" content=\"en_US\" \/>\n<meta property=\"og:type\" content=\"article\" \/>\n<meta property=\"og:title\" content=\"Hinweise &amp; Empfehlungen - La Starna\" \/>\n<meta property=\"og:description\" content=\"Reisedokumente Bei der Einreise in die Republik Serbien zu touristischen Zwecken oder zum Hundetraining \u2013 jedoch ohne Waffen \u2013 ist es B\u00fcrgern der EU-Staaten und der Schweiz gestattet, ausschlie\u00dflich mit dem Personalausweis problemlos einzureisen. J\u00e4ger oder Touristen aus au\u00dfereurop\u00e4ischen L\u00e4ndern k\u00f6nnen sich vor der Einreise mit uns in Verbindung setzen oder bei der serbischen Botschaft...\" \/>\n<meta property=\"og:url\" content=\"https:\/\/la-starna.com\/?page_id=6646&amp;lang=de\" \/>\n<meta property=\"og:site_name\" content=\"La Starna\" \/>\n<meta property=\"article:publisher\" content=\"https:\/\/www.facebook.com\/lastarna\/\" \/>\n<meta property=\"article:modified_time\" content=\"2025-07-26T11:45:12+00:00\" \/>\n<meta property=\"og:image\" content=\"https:\/\/la-starna.com\/wp-content\/uploads\/2023\/09\/IDJ_0593-1.jpg\" \/>\n\t<meta property=\"og:image:width\" content=\"1152\" \/>\n\t<meta property=\"og:image:height\" content=\"768\" \/>\n\t<meta property=\"og:image:type\" content=\"image\/jpeg\" \/>\n<meta name=\"twitter:card\" content=\"summary_large_image\" \/>\n<meta name=\"twitter:label1\" content=\"Est. reading time\" \/>\n\t<meta name=\"twitter:data1\" content=\"4 minutes\" \/>\n<script type=\"application\/ld+json\" class=\"yoast-schema-graph\">{\"@context\":\"https:\/\/schema.org\",\"@graph\":[{\"@type\":\"WebPage\",\"@id\":\"https:\/\/la-starna.com\/?page_id=6646&lang=de\",\"url\":\"https:\/\/la-starna.com\/?page_id=6646&lang=de\",\"name\":\"Hinweise & Empfehlungen - La Starna\",\"isPartOf\":{\"@id\":\"https:\/\/la-starna.com\/#website\"},\"datePublished\":\"2025-07-26T11:22:41+00:00\",\"dateModified\":\"2025-07-26T11:45:12+00:00\",\"breadcrumb\":{\"@id\":\"https:\/\/la-starna.com\/?page_id=6646&lang=de#breadcrumb\"},\"inLanguage\":\"en-US\",\"potentialAction\":[{\"@type\":\"ReadAction\",\"target\":[\"https:\/\/la-starna.com\/?page_id=6646&lang=de\"]}]},{\"@type\":\"BreadcrumbList\",\"@id\":\"https:\/\/la-starna.com\/?page_id=6646&lang=de#breadcrumb\",\"itemListElement\":[{\"@type\":\"ListItem\",\"position\":1,\"name\":\"Home\",\"item\":\"https:\/\/la-starna.com\/\"},{\"@type\":\"ListItem\",\"position\":2,\"name\":\"Hinweise &#038; Empfehlungen\"}]},{\"@type\":\"WebSite\",\"@id\":\"https:\/\/la-starna.com\/#website\",\"url\":\"https:\/\/la-starna.com\/\",\"name\":\"Centro caccia La Starna\",\"description\":\"Il centro di caccia \u201cLa Starna\u201d\",\"publisher\":{\"@id\":\"https:\/\/la-starna.com\/#organization\"},\"alternateName\":\"Il centro di caccia La Starna\",\"potentialAction\":[{\"@type\":\"SearchAction\",\"target\":{\"@type\":\"EntryPoint\",\"urlTemplate\":\"https:\/\/la-starna.com\/?s={search_term_string}\"},\"query-input\":{\"@type\":\"PropertyValueSpecification\",\"valueRequired\":true,\"valueName\":\"search_term_string\"}}],\"inLanguage\":\"en-US\"},{\"@type\":\"Organization\",\"@id\":\"https:\/\/la-starna.com\/#organization\",\"name\":\"Il centro di caccia La Starna\",\"alternateName\":\"La Starna Blace\",\"url\":\"https:\/\/la-starna.com\/\",\"logo\":{\"@type\":\"ImageObject\",\"inLanguage\":\"en-US\",\"@id\":\"https:\/\/la-starna.com\/#\/schema\/logo\/image\/\",\"url\":\"https:\/\/la-starna.com\/wp-content\/uploads\/2023\/06\/logo-la-starna-e1717317978163.png\",\"contentUrl\":\"https:\/\/la-starna.com\/wp-content\/uploads\/2023\/06\/logo-la-starna-e1717317978163.png\",\"width\":200,\"height\":80,\"caption\":\"Il centro di caccia La Starna\"},\"image\":{\"@id\":\"https:\/\/la-starna.com\/#\/schema\/logo\/image\/\"},\"sameAs\":[\"https:\/\/www.facebook.com\/lastarna\/\"]}]}<\/script>\n<!-- \/ Yoast SEO plugin. -->","yoast_head_json":{"title":"Hinweise & Empfehlungen - La Starna","robots":{"index":"index","follow":"follow","max-snippet":"max-snippet:-1","max-image-preview":"max-image-preview:large","max-video-preview":"max-video-preview:-1"},"canonical":"https:\/\/la-starna.com\/?page_id=6646&lang=de","og_locale":"en_US","og_type":"article","og_title":"Hinweise & Empfehlungen - La Starna","og_description":"Reisedokumente Bei der Einreise in die Republik Serbien zu touristischen Zwecken oder zum Hundetraining \u2013 jedoch ohne Waffen \u2013 ist es B\u00fcrgern der EU-Staaten und der Schweiz gestattet, ausschlie\u00dflich mit dem Personalausweis problemlos einzureisen. J\u00e4ger oder Touristen aus au\u00dfereurop\u00e4ischen L\u00e4ndern k\u00f6nnen sich vor der Einreise mit uns in Verbindung setzen oder bei der serbischen Botschaft...","og_url":"https:\/\/la-starna.com\/?page_id=6646&lang=de","og_site_name":"La Starna","article_publisher":"https:\/\/www.facebook.com\/lastarna\/","article_modified_time":"2025-07-26T11:45:12+00:00","og_image":[{"width":1152,"height":768,"url":"https:\/\/la-starna.com\/wp-content\/uploads\/2023\/09\/IDJ_0593-1.jpg","type":"image\/jpeg"}],"twitter_card":"summary_large_image","twitter_misc":{"Est. reading time":"4 minutes"},"schema":{"@context":"https:\/\/schema.org","@graph":[{"@type":"WebPage","@id":"https:\/\/la-starna.com\/?page_id=6646&lang=de","url":"https:\/\/la-starna.com\/?page_id=6646&lang=de","name":"Hinweise & Empfehlungen - La Starna","isPartOf":{"@id":"https:\/\/la-starna.com\/#website"},"datePublished":"2025-07-26T11:22:41+00:00","dateModified":"2025-07-26T11:45:12+00:00","breadcrumb":{"@id":"https:\/\/la-starna.com\/?page_id=6646&lang=de#breadcrumb"},"inLanguage":"en-US","potentialAction":[{"@type":"ReadAction","target":["https:\/\/la-starna.com\/?page_id=6646&lang=de"]}]},{"@type":"BreadcrumbList","@id":"https:\/\/la-starna.com\/?page_id=6646&lang=de#breadcrumb","itemListElement":[{"@type":"ListItem","position":1,"name":"Home","item":"https:\/\/la-starna.com\/"},{"@type":"ListItem","position":2,"name":"Hinweise &#038; Empfehlungen"}]},{"@type":"WebSite","@id":"https:\/\/la-starna.com\/#website","url":"https:\/\/la-starna.com\/","name":"Centro caccia La Starna","description":"Il centro di caccia \u201cLa Starna\u201d","publisher":{"@id":"https:\/\/la-starna.com\/#organization"},"alternateName":"Il centro di caccia La Starna","potentialAction":[{"@type":"SearchAction","target":{"@type":"EntryPoint","urlTemplate":"https:\/\/la-starna.com\/?s={search_term_string}"},"query-input":{"@type":"PropertyValueSpecification","valueRequired":true,"valueName":"search_term_string"}}],"inLanguage":"en-US"},{"@type":"Organization","@id":"https:\/\/la-starna.com\/#organization","name":"Il centro di caccia La Starna","alternateName":"La Starna Blace","url":"https:\/\/la-starna.com\/","logo":{"@type":"ImageObject","inLanguage":"en-US","@id":"https:\/\/la-starna.com\/#\/schema\/logo\/image\/","url":"https:\/\/la-starna.com\/wp-content\/uploads\/2023\/06\/logo-la-starna-e1717317978163.png","contentUrl":"https:\/\/la-starna.com\/wp-content\/uploads\/2023\/06\/logo-la-starna-e1717317978163.png","width":200,"height":80,"caption":"Il centro di caccia La Starna"},"image":{"@id":"https:\/\/la-starna.com\/#\/schema\/logo\/image\/"},"sameAs":["https:\/\/www.facebook.com\/lastarna\/"]}]}},"lang":"de","translations":{"de":6646,"en":6385,"it":5711,"fr":6797,"es":6925},"pll_sync_post":[],"_links":{"self":[{"href":"https:\/\/la-starna.com\/index.php?rest_route=\/wp\/v2\/pages\/6646","targetHints":{"allow":["GET"]}}],"collection":[{"href":"https:\/\/la-starna.com\/index.php?rest_route=\/wp\/v2\/pages"}],"about":[{"href":"https:\/\/la-starna.com\/index.php?rest_route=\/wp\/v2\/types\/page"}],"author":[{"embeddable":true,"href":"https:\/\/la-starna.com\/index.php?rest_route=\/wp\/v2\/users\/1"}],"replies":[{"embeddable":true,"href":"https:\/\/la-starna.com\/index.php?rest_route=%2Fwp%2Fv2%2Fcomments&post=6646"}],"version-history":[{"count":5,"href":"https:\/\/la-starna.com\/index.php?rest_route=\/wp\/v2\/pages\/6646\/revisions"}],"predecessor-version":[{"id":6652,"href":"https:\/\/la-starna.com\/index.php?rest_route=\/wp\/v2\/pages\/6646\/revisions\/6652"}],"wp:attachment":[{"href":"https:\/\/la-starna.com\/index.php?rest_route=%2Fwp%2Fv2%2Fmedia&parent=6646"}],"curies":[{"name":"wp","href":"https:\/\/api.w.org\/{rel}","templated":true}]}}