{"id":6578,"date":"2025-07-26T10:05:04","date_gmt":"2025-07-26T10:05:04","guid":{"rendered":"https:\/\/la-starna.com\/?page_id=6578"},"modified":"2025-07-26T10:19:46","modified_gmt":"2025-07-26T10:19:46","slug":"so-erreichen-sie-uns","status":"publish","type":"page","link":"https:\/\/la-starna.com\/?page_id=6578&lang=de","title":{"rendered":"So erreichen Sie uns"},"content":{"rendered":"\t\t<div data-elementor-type=\"wp-page\" data-elementor-id=\"6578\" class=\"elementor elementor-6578\">\n\t\t\t\t<div class=\"elementor-element elementor-element-4a8ef2e e-grid e-con-boxed e-con e-parent\" data-id=\"4a8ef2e\" data-element_type=\"container\" data-settings=\"{&quot;background_background&quot;:&quot;classic&quot;}\">\n\t\t\t\t\t<div class=\"e-con-inner\">\n\t\t<div class=\"elementor-element elementor-element-91f7770 e-con-full e-flex e-con e-child\" data-id=\"91f7770\" data-element_type=\"container\">\n\t\t\t\t<div class=\"elementor-element elementor-element-ee1b303 elementor-widget elementor-widget-naturosectiontitle\" data-id=\"ee1b303\" data-element_type=\"widget\" data-widget_type=\"naturosectiontitle.default\">\n\t\t\t\t<div class=\"elementor-widget-container\">\n\t\t\t\t\t<div class=\"section-title\" ><h4 class=\"sec-title1 subtitle-selector\">Route aus Italien<\/h4><div class=\"sec_line\"><img decoding=\"async\" src=\"https:\/\/wordpress.vecurosoft.com\/huntar\/wp-content\/uploads\/2021\/11\/about-line-1.png\" alt=\"about line 1\"  class=\"mb-4\" \/><\/div><p class=\"desc\">AUTO: <br><br>\nTriest \u2013 Ljubljana \u2013 Zagreb \u2013 Belgrad \u2013 Kru\u0161evac \u2013 Blace. Entfernung von Triest: 960 km \u2013 alle Autobahnen. Gesch\u00e4tzte Reisezeit: 8-9 Stunden.\n<br><br>\nF\u00c4HRE <br><br>(Empfohlene Route von S\u00fcditalien):\nBari \u2013 Durr\u00ebs (Albanien)\nBrindisi \u2013 Durr\u00ebs (Albanien)\nAncona \u2013 Durr\u00ebs (Albanien)\nDurr\u00ebs \u2013 Prizren (Kosovo) \u2013 Pristina \u2013 Podujevo \u2013 Merdare (Serbien) \u2013 BLACE\nWir sind 350 km von Durr\u00ebs entfernt, davon 250 km \u00fcber die Autobahn (4\u20135 Autostunden).<br><br>\nFLUGHAFEN:<br><br>\nAnkunft in Ni\u0161\nBergamo (Flughafen Orio al Serio) \u2013 Flughafen Ni\u0161 (Serbien)\nDer Flughafen Ni\u0161 ist 55 km von unserem Jagdhaus entfernt (40 Autominuten).\nAnkunft in BELGRAD\nMailand (Flughafen Malpensa) \u2013 Flughafen Belgrad (Serbien)\nRom (Flughafen Fiumicino) \u2013 Flughafen Belgrad (Serbien)\nDer Flughafen Belgrad ist 55 km von unserem Jagdhaus entfernt (40 Autominuten), 240 km von unserem Jagdgebiet (2 Autostunden) und 90 km von der Region Vojvodina (1 Autostunde).<\/p><\/div>\t\t\t\t<\/div>\n\t\t\t\t<\/div>\n\t\t\t\t<div class=\"elementor-element elementor-element-d784dd9 elementor-widget elementor-widget-naturocalltoaction\" data-id=\"d784dd9\" data-element_type=\"widget\" data-widget_type=\"naturocalltoaction.default\">\n\t\t\t\t<div class=\"elementor-widget-container\">\n\t\t\t\t\t<!-----------------------Start Call to action Area-----------------------><div class=\"cta-box mb-30\"><img decoding=\"async\" src=\"https:\/\/wordpress.vecurosoft.com\/huntar\/wp-content\/uploads\/2021\/11\/about-img-2.png\" alt=\"about img 2\"  class=\"vs-manager\" \/><div class=\"cta-box-content\"><h3 class=\"text-title2 mb-0\">00381658304268 <\/h3><\/div><\/div><!-----------------------End Call to action Area----------------------->\t\t\t\t<\/div>\n\t\t\t\t<\/div>\n\t\t\t\t<div class=\"elementor-element elementor-element-20660cb elementor-widget elementor-widget-naturobutton\" data-id=\"20660cb\" data-element_type=\"widget\" data-widget_type=\"naturobutton.default\">\n\t\t\t\t<div class=\"elementor-widget-container\">\n\t\t\t\t\t<!-- Button --><div class=\"btn-wrapper \"><a class=\"vs-btn style-1\" href=\"https:\/\/la-starna.com\/?page_id=6573&#038;lang=de\"><span><i class=\"fal fa-arrow-right\"><\/i><\/span> Kontakt<\/a><\/div><!-- End Button -->\t\t\t\t<\/div>\n\t\t\t\t<\/div>\n\t\t\t\t<\/div>\n\t\t<div class=\"elementor-element elementor-element-7e3ee57 e-con-full e-flex e-con e-child\" data-id=\"7e3ee57\" data-element_type=\"container\">\n\t\t\t\t<div class=\"elementor-element elementor-element-07df4e3 elementor-widget elementor-widget-naturomegahover\" data-id=\"07df4e3\" data-element_type=\"widget\" data-widget_type=\"naturomegahover.default\">\n\t\t\t\t<div class=\"elementor-widget-container\">\n\t\t\t\t\t<div class=\"mega-img-box\"><div class=\"img-1\"><div class=\"mega-hover\"><img decoding=\"async\" src=\"\" alt=\"\"  class=\"w-100\" \/><\/div><\/div><\/div>\t\t\t\t<\/div>\n\t\t\t\t<\/div>\n\t\t\t\t<div class=\"elementor-element elementor-element-22465c4 elementor-widget elementor-widget-naturomegahover\" data-id=\"22465c4\" data-element_type=\"widget\" data-widget_type=\"naturomegahover.default\">\n\t\t\t\t<div class=\"elementor-widget-container\">\n\t\t\t\t\t<div class=\"mega-img-box\"><div class=\"img-1\"><div class=\"mega-hover\"><img decoding=\"async\" src=\"https:\/\/la-starna.com\/wp-content\/uploads\/2024\/06\/ladrac-1-1024x485-1.jpg\" alt=\"ladrac 1 1024x485 1\"  class=\"w-100\" \/><\/div><\/div><\/div>\t\t\t\t<\/div>\n\t\t\t\t<\/div>\n\t\t\t\t<div class=\"elementor-element elementor-element-02d0f45 elementor-widget elementor-widget-naturomegahover\" data-id=\"02d0f45\" data-element_type=\"widget\" data-widget_type=\"naturomegahover.default\">\n\t\t\t\t<div class=\"elementor-widget-container\">\n\t\t\t\t\t<div class=\"mega-img-box\"><div class=\"img-1\"><div class=\"mega-hover\"><img decoding=\"async\" src=\"https:\/\/la-starna.com\/wp-content\/uploads\/2024\/06\/trst-la-starna-1-1024x548-1.jpg\" alt=\"trst la starna 1 1024x548 1\"  class=\"w-100\" \/><\/div><\/div><\/div>\t\t\t\t<\/div>\n\t\t\t\t<\/div>\n\t\t\t\t<\/div>\n\t\t\t\t\t<\/div>\n\t\t\t\t<\/div>\n\t\t\t\t<\/div>\n\t\t","protected":false},"excerpt":{"rendered":"<p>Route aus Italien AUTO: Triest \u2013 Ljubljana \u2013 Zagreb \u2013 Belgrad \u2013 Kru\u0161evac \u2013 Blace. Entfernung von Triest: 960 km \u2013 alle Autobahnen. Gesch\u00e4tzte Reisezeit: 8-9 Stunden. F\u00c4HRE (Empfohlene Route von S\u00fcditalien): Bari \u2013 Durr\u00ebs (Albanien) Brindisi \u2013 Durr\u00ebs (Albanien) Ancona \u2013 Durr\u00ebs (Albanien) Durr\u00ebs \u2013 Prizren (Kosovo) \u2013 Pristina \u2013 Podujevo \u2013 Merdare (Serbien)&#8230;<\/p>\n","protected":false},"author":1,"featured_media":0,"parent":0,"menu_order":0,"comment_status":"closed","ping_status":"closed","template":"","meta":{"_glsr_average":0,"_glsr_ranking":0,"_glsr_reviews":0,"footnotes":""},"class_list":["post-6578","page","type-page","status-publish","hentry"],"yoast_head":"<!-- This site is optimized with the Yoast SEO plugin v24.3 - https:\/\/yoast.com\/wordpress\/plugins\/seo\/ -->\n<title>So erreichen Sie uns - La Starna<\/title>\n<meta name=\"robots\" content=\"index, follow, max-snippet:-1, max-image-preview:large, max-video-preview:-1\" \/>\n<link rel=\"canonical\" href=\"https:\/\/la-starna.com\/?page_id=6578&lang=de\" \/>\n<meta property=\"og:locale\" content=\"en_US\" \/>\n<meta property=\"og:type\" content=\"article\" \/>\n<meta property=\"og:title\" content=\"So erreichen Sie uns - La Starna\" \/>\n<meta property=\"og:description\" content=\"Route aus Italien AUTO: Triest \u2013 Ljubljana \u2013 Zagreb \u2013 Belgrad \u2013 Kru\u0161evac \u2013 Blace. Entfernung von Triest: 960 km \u2013 alle Autobahnen. Gesch\u00e4tzte Reisezeit: 8-9 Stunden. F\u00c4HRE (Empfohlene Route von S\u00fcditalien): Bari \u2013 Durr\u00ebs (Albanien) Brindisi \u2013 Durr\u00ebs (Albanien) Ancona \u2013 Durr\u00ebs (Albanien) Durr\u00ebs \u2013 Prizren (Kosovo) \u2013 Pristina \u2013 Podujevo \u2013 Merdare (Serbien)...\" \/>\n<meta property=\"og:url\" content=\"https:\/\/la-starna.com\/?page_id=6578&amp;lang=de\" \/>\n<meta property=\"og:site_name\" content=\"La Starna\" \/>\n<meta property=\"article:publisher\" content=\"https:\/\/www.facebook.com\/lastarna\/\" \/>\n<meta property=\"article:modified_time\" content=\"2025-07-26T10:19:46+00:00\" \/>\n<meta property=\"og:image\" content=\"https:\/\/wordpress.vecurosoft.com\/huntar\/wp-content\/uploads\/2021\/11\/about-line-1.png\" \/>\n<meta name=\"twitter:card\" content=\"summary_large_image\" \/>\n<meta name=\"twitter:label1\" content=\"Est. reading time\" \/>\n\t<meta name=\"twitter:data1\" content=\"2 minutes\" \/>\n<script type=\"application\/ld+json\" class=\"yoast-schema-graph\">{\"@context\":\"https:\/\/schema.org\",\"@graph\":[{\"@type\":\"WebPage\",\"@id\":\"https:\/\/la-starna.com\/?page_id=6578&lang=de\",\"url\":\"https:\/\/la-starna.com\/?page_id=6578&lang=de\",\"name\":\"So erreichen Sie uns - La Starna\",\"isPartOf\":{\"@id\":\"https:\/\/la-starna.com\/#website\"},\"primaryImageOfPage\":{\"@id\":\"https:\/\/la-starna.com\/?page_id=6578&lang=de#primaryimage\"},\"image\":{\"@id\":\"https:\/\/la-starna.com\/?page_id=6578&lang=de#primaryimage\"},\"thumbnailUrl\":\"https:\/\/wordpress.vecurosoft.com\/huntar\/wp-content\/uploads\/2021\/11\/about-line-1.png\",\"datePublished\":\"2025-07-26T10:05:04+00:00\",\"dateModified\":\"2025-07-26T10:19:46+00:00\",\"breadcrumb\":{\"@id\":\"https:\/\/la-starna.com\/?page_id=6578&lang=de#breadcrumb\"},\"inLanguage\":\"en-US\",\"potentialAction\":[{\"@type\":\"ReadAction\",\"target\":[\"https:\/\/la-starna.com\/?page_id=6578&lang=de\"]}]},{\"@type\":\"ImageObject\",\"inLanguage\":\"en-US\",\"@id\":\"https:\/\/la-starna.com\/?page_id=6578&lang=de#primaryimage\",\"url\":\"https:\/\/wordpress.vecurosoft.com\/huntar\/wp-content\/uploads\/2021\/11\/about-line-1.png\",\"contentUrl\":\"https:\/\/wordpress.vecurosoft.com\/huntar\/wp-content\/uploads\/2021\/11\/about-line-1.png\"},{\"@type\":\"BreadcrumbList\",\"@id\":\"https:\/\/la-starna.com\/?page_id=6578&lang=de#breadcrumb\",\"itemListElement\":[{\"@type\":\"ListItem\",\"position\":1,\"name\":\"Home\",\"item\":\"https:\/\/la-starna.com\/\"},{\"@type\":\"ListItem\",\"position\":2,\"name\":\"So erreichen Sie uns\"}]},{\"@type\":\"WebSite\",\"@id\":\"https:\/\/la-starna.com\/#website\",\"url\":\"https:\/\/la-starna.com\/\",\"name\":\"Centro caccia La Starna\",\"description\":\"Il centro di caccia \u201cLa Starna\u201d\",\"publisher\":{\"@id\":\"https:\/\/la-starna.com\/#organization\"},\"alternateName\":\"Il centro di caccia La Starna\",\"potentialAction\":[{\"@type\":\"SearchAction\",\"target\":{\"@type\":\"EntryPoint\",\"urlTemplate\":\"https:\/\/la-starna.com\/?s={search_term_string}\"},\"query-input\":{\"@type\":\"PropertyValueSpecification\",\"valueRequired\":true,\"valueName\":\"search_term_string\"}}],\"inLanguage\":\"en-US\"},{\"@type\":\"Organization\",\"@id\":\"https:\/\/la-starna.com\/#organization\",\"name\":\"Il centro di caccia La Starna\",\"alternateName\":\"La Starna Blace\",\"url\":\"https:\/\/la-starna.com\/\",\"logo\":{\"@type\":\"ImageObject\",\"inLanguage\":\"en-US\",\"@id\":\"https:\/\/la-starna.com\/#\/schema\/logo\/image\/\",\"url\":\"https:\/\/la-starna.com\/wp-content\/uploads\/2023\/06\/logo-la-starna-e1717317978163.png\",\"contentUrl\":\"https:\/\/la-starna.com\/wp-content\/uploads\/2023\/06\/logo-la-starna-e1717317978163.png\",\"width\":200,\"height\":80,\"caption\":\"Il centro di caccia La Starna\"},\"image\":{\"@id\":\"https:\/\/la-starna.com\/#\/schema\/logo\/image\/\"},\"sameAs\":[\"https:\/\/www.facebook.com\/lastarna\/\"]}]}<\/script>\n<!-- \/ Yoast SEO plugin. -->","yoast_head_json":{"title":"So erreichen Sie uns - La Starna","robots":{"index":"index","follow":"follow","max-snippet":"max-snippet:-1","max-image-preview":"max-image-preview:large","max-video-preview":"max-video-preview:-1"},"canonical":"https:\/\/la-starna.com\/?page_id=6578&lang=de","og_locale":"en_US","og_type":"article","og_title":"So erreichen Sie uns - La Starna","og_description":"Route aus Italien AUTO: Triest \u2013 Ljubljana \u2013 Zagreb \u2013 Belgrad \u2013 Kru\u0161evac \u2013 Blace. Entfernung von Triest: 960 km \u2013 alle Autobahnen. Gesch\u00e4tzte Reisezeit: 8-9 Stunden. F\u00c4HRE (Empfohlene Route von S\u00fcditalien): Bari \u2013 Durr\u00ebs (Albanien) Brindisi \u2013 Durr\u00ebs (Albanien) Ancona \u2013 Durr\u00ebs (Albanien) Durr\u00ebs \u2013 Prizren (Kosovo) \u2013 Pristina \u2013 Podujevo \u2013 Merdare (Serbien)...","og_url":"https:\/\/la-starna.com\/?page_id=6578&lang=de","og_site_name":"La Starna","article_publisher":"https:\/\/www.facebook.com\/lastarna\/","article_modified_time":"2025-07-26T10:19:46+00:00","og_image":[{"url":"https:\/\/wordpress.vecurosoft.com\/huntar\/wp-content\/uploads\/2021\/11\/about-line-1.png","type":"","width":"","height":""}],"twitter_card":"summary_large_image","twitter_misc":{"Est. reading time":"2 minutes"},"schema":{"@context":"https:\/\/schema.org","@graph":[{"@type":"WebPage","@id":"https:\/\/la-starna.com\/?page_id=6578&lang=de","url":"https:\/\/la-starna.com\/?page_id=6578&lang=de","name":"So erreichen Sie uns - La Starna","isPartOf":{"@id":"https:\/\/la-starna.com\/#website"},"primaryImageOfPage":{"@id":"https:\/\/la-starna.com\/?page_id=6578&lang=de#primaryimage"},"image":{"@id":"https:\/\/la-starna.com\/?page_id=6578&lang=de#primaryimage"},"thumbnailUrl":"https:\/\/wordpress.vecurosoft.com\/huntar\/wp-content\/uploads\/2021\/11\/about-line-1.png","datePublished":"2025-07-26T10:05:04+00:00","dateModified":"2025-07-26T10:19:46+00:00","breadcrumb":{"@id":"https:\/\/la-starna.com\/?page_id=6578&lang=de#breadcrumb"},"inLanguage":"en-US","potentialAction":[{"@type":"ReadAction","target":["https:\/\/la-starna.com\/?page_id=6578&lang=de"]}]},{"@type":"ImageObject","inLanguage":"en-US","@id":"https:\/\/la-starna.com\/?page_id=6578&lang=de#primaryimage","url":"https:\/\/wordpress.vecurosoft.com\/huntar\/wp-content\/uploads\/2021\/11\/about-line-1.png","contentUrl":"https:\/\/wordpress.vecurosoft.com\/huntar\/wp-content\/uploads\/2021\/11\/about-line-1.png"},{"@type":"BreadcrumbList","@id":"https:\/\/la-starna.com\/?page_id=6578&lang=de#breadcrumb","itemListElement":[{"@type":"ListItem","position":1,"name":"Home","item":"https:\/\/la-starna.com\/"},{"@type":"ListItem","position":2,"name":"So erreichen Sie uns"}]},{"@type":"WebSite","@id":"https:\/\/la-starna.com\/#website","url":"https:\/\/la-starna.com\/","name":"Centro caccia La Starna","description":"Il centro di caccia \u201cLa Starna\u201d","publisher":{"@id":"https:\/\/la-starna.com\/#organization"},"alternateName":"Il centro di caccia La Starna","potentialAction":[{"@type":"SearchAction","target":{"@type":"EntryPoint","urlTemplate":"https:\/\/la-starna.com\/?s={search_term_string}"},"query-input":{"@type":"PropertyValueSpecification","valueRequired":true,"valueName":"search_term_string"}}],"inLanguage":"en-US"},{"@type":"Organization","@id":"https:\/\/la-starna.com\/#organization","name":"Il centro di caccia La Starna","alternateName":"La Starna Blace","url":"https:\/\/la-starna.com\/","logo":{"@type":"ImageObject","inLanguage":"en-US","@id":"https:\/\/la-starna.com\/#\/schema\/logo\/image\/","url":"https:\/\/la-starna.com\/wp-content\/uploads\/2023\/06\/logo-la-starna-e1717317978163.png","contentUrl":"https:\/\/la-starna.com\/wp-content\/uploads\/2023\/06\/logo-la-starna-e1717317978163.png","width":200,"height":80,"caption":"Il centro di caccia La Starna"},"image":{"@id":"https:\/\/la-starna.com\/#\/schema\/logo\/image\/"},"sameAs":["https:\/\/www.facebook.com\/lastarna\/"]}]}},"lang":"de","translations":{"de":6578,"it":5457,"en":6586,"fr":6747,"es":6982},"pll_sync_post":[],"_links":{"self":[{"href":"https:\/\/la-starna.com\/index.php?rest_route=\/wp\/v2\/pages\/6578","targetHints":{"allow":["GET"]}}],"collection":[{"href":"https:\/\/la-starna.com\/index.php?rest_route=\/wp\/v2\/pages"}],"about":[{"href":"https:\/\/la-starna.com\/index.php?rest_route=\/wp\/v2\/types\/page"}],"author":[{"embeddable":true,"href":"https:\/\/la-starna.com\/index.php?rest_route=\/wp\/v2\/users\/1"}],"replies":[{"embeddable":true,"href":"https:\/\/la-starna.com\/index.php?rest_route=%2Fwp%2Fv2%2Fcomments&post=6578"}],"version-history":[{"count":6,"href":"https:\/\/la-starna.com\/index.php?rest_route=\/wp\/v2\/pages\/6578\/revisions"}],"predecessor-version":[{"id":6591,"href":"https:\/\/la-starna.com\/index.php?rest_route=\/wp\/v2\/pages\/6578\/revisions\/6591"}],"wp:attachment":[{"href":"https:\/\/la-starna.com\/index.php?rest_route=%2Fwp%2Fv2%2Fmedia&parent=6578"}],"curies":[{"name":"wp","href":"https:\/\/api.w.org\/{rel}","templated":true}]}}